{"id":62,"date":"2024-02-16T15:01:12","date_gmt":"2024-02-16T14:01:12","guid":{"rendered":"http:\/\/www.velocipedia.fr\/?page_id=62"},"modified":"2025-02-27T19:16:54","modified_gmt":"2025-02-27T18:16:54","slug":"accueil","status":"publish","type":"page","link":"https:\/\/www.velocipedia.fr\/","title":{"rendered":"Accueil"},"content":{"rendered":"<style>.kb-row-layout-id62_8ca196-a0 > .kt-row-column-wrap{align-content:start;}:where(.kb-row-layout-id62_8ca196-a0 > .kt-row-column-wrap) > .wp-block-kadence-column{justify-content:start;}.kb-row-layout-id62_8ca196-a0 > .kt-row-column-wrap{column-gap:var(--global-kb-gap-md, 2rem);row-gap:var(--global-kb-gap-md, 2rem);max-width:var( --global-content-width, 1290px );padding-left:var(--global-content-edge-padding);padding-right:var(--global-content-edge-padding);padding-top:var(--global-kb-spacing-xs, 1rem);padding-bottom:var(--global-kb-spacing-xs, 1rem);grid-template-columns:repeat(2, minmax(0, 1fr));}.kb-row-layout-id62_8ca196-a0{background-image:url('http:\/\/www.velocipedia.fr\/wp-content\/uploads\/2024\/02\/Fond_Fresque_article_LABOR.jpg');background-size:cover;background-position:center center;background-attachment:scroll;background-repeat:no-repeat;}.kb-row-layout-id62_8ca196-a0 > .kt-row-layout-overlay{opacity:0.49;background-color:var(--global-palette9, #ffffff);}@media all and (max-width: 1024px){.kb-row-layout-id62_8ca196-a0 > .kt-row-column-wrap{grid-template-columns:repeat(2, minmax(0, 1fr));}}@media all and (max-width: 767px){.kb-row-layout-id62_8ca196-a0 > .kt-row-column-wrap{grid-template-columns:minmax(0, 1fr);}}<\/style><div class=\"kb-row-layout-wrap kb-row-layout-id62_8ca196-a0 alignfull kt-row-has-bg wp-block-kadence-rowlayout\"><div class=\"kt-row-layout-overlay kt-row-overlay-normal\"><\/div><div class=\"kt-row-column-wrap kt-has-2-columns kt-row-layout-equal kt-tab-layout-equal kt-mobile-layout-row kt-row-valign-top kb-theme-content-width\">\n<style>.kadence-column62_274f8e-91 > .kt-inside-inner-col,.kadence-column62_274f8e-91 > .kt-inside-inner-col:before{border-top-left-radius:0px;border-top-right-radius:0px;border-bottom-right-radius:0px;border-bottom-left-radius:0px;}.kadence-column62_274f8e-91 > .kt-inside-inner-col{column-gap:var(--global-kb-gap-sm, 1rem);}.kadence-column62_274f8e-91 > .kt-inside-inner-col{flex-direction:column;}.kadence-column62_274f8e-91 > .kt-inside-inner-col > .aligncenter{width:100%;}.kadence-column62_274f8e-91 > .kt-inside-inner-col:before{opacity:0.3;}.kadence-column62_274f8e-91{position:relative;}@media all and (max-width: 1024px){.kadence-column62_274f8e-91 > .kt-inside-inner-col{flex-direction:column;}}@media all and (max-width: 767px){.kadence-column62_274f8e-91 > .kt-inside-inner-col{flex-direction:column;}}<\/style>\n<div class=\"wp-block-kadence-column kadence-column62_274f8e-91\"><div class=\"kt-inside-inner-col\"><style>.kb-image62_c526f3-a0.kb-image-is-ratio-size, .kb-image62_c526f3-a0 .kb-image-is-ratio-size{max-width:620px;width:100%;}.wp-block-kadence-column > .kt-inside-inner-col > .kb-image62_c526f3-a0.kb-image-is-ratio-size, .wp-block-kadence-column > .kt-inside-inner-col > .kb-image62_c526f3-a0 .kb-image-is-ratio-size{align-self:unset;}.kb-image62_c526f3-a0 figure{max-width:620px;}.kb-image62_c526f3-a0 .image-is-svg, .kb-image62_c526f3-a0 .image-is-svg img{width:100%;}.kb-image62_c526f3-a0 .kb-image-has-overlay:after{opacity:0.3;}<\/style>\n<div class=\"wp-block-kadence-image kb-image62_c526f3-a0\"><figure class=\"aligncenter size-large\"><a href=\"https:\/\/www.ivca2025.com\" class=\"kb-advanced-image-link\"><img loading=\"lazy\" decoding=\"async\" width=\"683\" height=\"1024\" src=\"http:\/\/www.velocipedia.fr\/wp-content\/uploads\/2025\/02\/affiche-IVCA-683x1024.jpg\" alt=\"affiche IVCA\" class=\"kb-img wp-image-409\" srcset=\"https:\/\/www.velocipedia.fr\/wp-content\/uploads\/2025\/02\/affiche-IVCA-683x1024.jpg 683w, https:\/\/www.velocipedia.fr\/wp-content\/uploads\/2025\/02\/affiche-IVCA-200x300.jpg 200w, https:\/\/www.velocipedia.fr\/wp-content\/uploads\/2025\/02\/affiche-IVCA-768x1152.jpg 768w, https:\/\/www.velocipedia.fr\/wp-content\/uploads\/2025\/02\/affiche-IVCA-1024x1536.jpg 1024w, https:\/\/www.velocipedia.fr\/wp-content\/uploads\/2025\/02\/affiche-IVCA-scaled.jpg 1707w\" sizes=\"auto, (max-width: 683px) 100vw, 683px\" \/><\/a><figcaption>affiche IVCA<\/figcaption><\/figure><\/div>\n<\/div><\/div>\n\n\n<style>.kadence-column62_4712f1-dd > .kt-inside-inner-col,.kadence-column62_4712f1-dd > .kt-inside-inner-col:before{border-top-left-radius:0px;border-top-right-radius:0px;border-bottom-right-radius:0px;border-bottom-left-radius:0px;}.kadence-column62_4712f1-dd > .kt-inside-inner-col{column-gap:var(--global-kb-gap-sm, 1rem);}.kadence-column62_4712f1-dd > .kt-inside-inner-col{flex-direction:column;}.kadence-column62_4712f1-dd > .kt-inside-inner-col > .aligncenter{width:100%;}.kadence-column62_4712f1-dd > .kt-inside-inner-col:before{opacity:0.3;}.kadence-column62_4712f1-dd{position:relative;}@media all and (max-width: 1024px){.kadence-column62_4712f1-dd > .kt-inside-inner-col{flex-direction:column;}}@media all and (max-width: 767px){.kadence-column62_4712f1-dd > .kt-inside-inner-col{flex-direction:column;}}<\/style>\n<div class=\"wp-block-kadence-column kadence-column62_4712f1-dd\"><div class=\"kt-inside-inner-col\">\n<blockquote class=\"wp-block-quote is-layout-flow wp-block-quote-is-layout-flow\">\n<p>Cette ann\u00e9e, l&rsquo;association organise la 43\u00e8me \u00e9dition du Rallye IVCA.<\/p>\n\n\n\n<p>C&rsquo;est en France, \u00e0 Sully-sur-Loire, du 28 mai au 1er juin.<\/p>\n\n\n\n<p>C&rsquo;est l&rsquo;\u00e9v\u00e8nement \u00e0 ne pas rater !!!<\/p>\n<\/blockquote>\n\n\n\n<p><\/p>\n\n\n\n<p>    Pour en savoir plus, CLIQUEZ SUR L&rsquo;AFFICHE !!!<\/p>\n<\/div><\/div>\n\n<\/div><\/div>","protected":false},"excerpt":{"rendered":"<p>Cette ann\u00e9e, l&rsquo;association organise la 43\u00e8me \u00e9dition du Rallye IVCA. C&rsquo;est en France, \u00e0 Sully-sur-Loire, du 28 mai au 1er juin. C&rsquo;est l&rsquo;\u00e9v\u00e8nement \u00e0 ne pas rater !!! Pour en savoir plus, CLIQUEZ SUR L&rsquo;AFFICHE !!!<\/p>\n","protected":false},"author":1,"featured_media":0,"parent":0,"menu_order":0,"comment_status":"closed","ping_status":"closed","template":"","meta":{"_kad_post_transparent":"","_kad_post_title":"","_kad_post_layout":"","_kad_post_sidebar_id":"","_kad_post_content_style":"","_kad_post_vertical_padding":"","_kad_post_feature":"","_kad_post_feature_position":"","_kad_post_header":false,"_kad_post_footer":false,"footnotes":""},"class_list":["post-62","page","type-page","status-publish","hentry"],"jetpack_sharing_enabled":true,"_links":{"self":[{"href":"https:\/\/www.velocipedia.fr\/index.php\/wp-json\/wp\/v2\/pages\/62","targetHints":{"allow":["GET"]}}],"collection":[{"href":"https:\/\/www.velocipedia.fr\/index.php\/wp-json\/wp\/v2\/pages"}],"about":[{"href":"https:\/\/www.velocipedia.fr\/index.php\/wp-json\/wp\/v2\/types\/page"}],"author":[{"embeddable":true,"href":"https:\/\/www.velocipedia.fr\/index.php\/wp-json\/wp\/v2\/users\/1"}],"replies":[{"embeddable":true,"href":"https:\/\/www.velocipedia.fr\/index.php\/wp-json\/wp\/v2\/comments?post=62"}],"version-history":[{"count":19,"href":"https:\/\/www.velocipedia.fr\/index.php\/wp-json\/wp\/v2\/pages\/62\/revisions"}],"predecessor-version":[{"id":419,"href":"https:\/\/www.velocipedia.fr\/index.php\/wp-json\/wp\/v2\/pages\/62\/revisions\/419"}],"wp:attachment":[{"href":"https:\/\/www.velocipedia.fr\/index.php\/wp-json\/wp\/v2\/media?parent=62"}],"curies":[{"name":"wp","href":"https:\/\/api.w.org\/{rel}","templated":true}]}}