{"id":102,"date":"2024-02-16T17:25:46","date_gmt":"2024-02-16T16:25:46","guid":{"rendered":"http:\/\/www.velocipedia.fr\/?page_id=102"},"modified":"2024-04-30T15:10:29","modified_gmt":"2024-04-30T13:10:29","slug":"programme-velocipedia-2024","status":"publish","type":"page","link":"https:\/\/www.velocipedia.fr\/index.php\/programme-velocipedia-2024\/","title":{"rendered":"Programme VELOCIPEDIA 2024"},"content":{"rendered":"<style>.kb-row-layout-id102_513432-9e > .kt-row-column-wrap{align-content:center;}:where(.kb-row-layout-id102_513432-9e > .kt-row-column-wrap) > .wp-block-kadence-column{justify-content:center;}.kb-row-layout-id102_513432-9e > .kt-row-column-wrap{column-gap:var(--global-kb-gap-md, 2rem);row-gap:var(--global-kb-gap-none, 0rem );max-width:var( --global-content-width, 1290px );padding-left:var(--global-content-edge-padding);padding-right:var(--global-content-edge-padding);padding-top:var(--global-kb-spacing-md, 2rem);padding-bottom:var(--global-kb-spacing-md, 2rem);grid-template-columns:minmax(0, 1fr);}.kb-row-layout-id102_513432-9e{background-image:url('http:\/\/www.velocipedia.fr\/wp-content\/uploads\/2024\/02\/Fond_Fresque_article_LABOR.jpg');background-size:cover;background-position:center center;background-attachment:scroll;background-repeat:no-repeat;}.kb-row-layout-id102_513432-9e > .kt-row-layout-overlay{opacity:0.30;}@media all and (max-width: 1024px){.kb-row-layout-id102_513432-9e > .kt-row-column-wrap{grid-template-columns:minmax(0, 1fr);}}@media all and (max-width: 767px){.kb-row-layout-id102_513432-9e > .kt-row-column-wrap{grid-template-columns:minmax(0, 1fr);}}<\/style><div class=\"kb-row-layout-wrap kb-row-layout-id102_513432-9e alignfull kt-row-has-bg wp-block-kadence-rowlayout\"><div class=\"kt-row-column-wrap kt-has-1-columns kt-row-layout-equal kt-tab-layout-inherit kt-mobile-layout-row kt-row-valign-middle kb-theme-content-width\">\n<style>.kadence-column102_ee84ea-df > .kt-inside-inner-col,.kadence-column102_ee84ea-df > .kt-inside-inner-col:before{border-top-left-radius:0px;border-top-right-radius:0px;border-bottom-right-radius:0px;border-bottom-left-radius:0px;}.kadence-column102_ee84ea-df > .kt-inside-inner-col{column-gap:var(--global-kb-gap-sm, 1rem);}.kadence-column102_ee84ea-df > .kt-inside-inner-col{flex-direction:column;}.kadence-column102_ee84ea-df > .kt-inside-inner-col > .aligncenter{width:100%;}.kadence-column102_ee84ea-df > .kt-inside-inner-col:before{opacity:0.3;}.kadence-column102_ee84ea-df{position:relative;}@media all and (max-width: 1024px){.kadence-column102_ee84ea-df > .kt-inside-inner-col{flex-direction:column;}}@media all and (max-width: 767px){.kadence-column102_ee84ea-df > .kt-inside-inner-col{flex-direction:column;}}<\/style>\n<div class=\"wp-block-kadence-column kadence-column102_ee84ea-df\"><div class=\"kt-inside-inner-col\"><style>.wp-block-kadence-advancedheading.kt-adv-heading102_0538eb-d7, .wp-block-kadence-advancedheading.kt-adv-heading102_0538eb-d7[data-kb-block=\"kb-adv-heading102_0538eb-d7\"]{padding-top:0px;padding-bottom:0px;margin-top:0px;margin-right:0px;margin-bottom:0px;margin-left:0px;font-weight:700;font-style:normal;text-transform:uppercase;letter-spacing:1px;text-shadow:1px 1px 3px rgba(0, 0, 0, 0.2);}.wp-block-kadence-advancedheading.kt-adv-heading102_0538eb-d7 mark, .wp-block-kadence-advancedheading.kt-adv-heading102_0538eb-d7[data-kb-block=\"kb-adv-heading102_0538eb-d7\"] mark{font-style:normal;color:#f76a0c;padding-top:0px;padding-right:0px;padding-bottom:0px;padding-left:0px;}<\/style>\n<h2 class=\"kt-adv-heading102_0538eb-d7 wp-block-kadence-advancedheading\" data-kb-block=\"kb-adv-heading102_0538eb-d7\">PROGRAMME VELOCIPEDIA 2024<\/h2>\n<\/div><\/div>\n\n<\/div><\/div>\n\n\n<div style=\"height:50px\" aria-hidden=\"true\" class=\"wp-block-spacer\"><\/div>\n\n\n\n<p class=\"has-text-align-center\"> <strong>\u2022<\/strong>&nbsp;<strong>Vendredi 3 mai : <br><\/strong><br><mark style=\"background-color:rgba(0, 0, 0, 0)\" class=\"has-inline-color has-kb-palette-1-color\"><strong>15h30 &#8211; 19h30 :<\/strong> <\/mark>Exposition de cycles anciens \u00e0 la salle omnisports. Entr\u00e9e gratuite et visites guid\u00e9es !<\/p>\n\n\n<style>.wp-block-kadence-spacer.kt-block-spacer-102_323e59-1d .kt-block-spacer{height:100px;}.wp-block-kadence-spacer.kt-block-spacer-102_323e59-1d .kt-divider{border-top-width:2px;border-top-color:#f58612;width:30%;border-top-style:solid;}<\/style>\n<div class=\"wp-block-kadence-spacer aligncenter kt-block-spacer-102_323e59-1d\"><div class=\"kt-block-spacer kt-block-spacer-halign-center\"><hr class=\"kt-divider\"\/><\/div><\/div>\n\n\n\n<p class=\"has-text-align-center\"><strong>\u2022<\/strong>\u00a0<strong>Samedi 4 mai :<\/strong> <br><br>D\u00e9part des randonn\u00e9es \u00e0 v\u00e9lo ancien (avant 1980) et tenue d&rsquo;\u00e9poque. D\u00e9part devant la salle omnisports.<br>  &#8211; <mark style=\"background-color:rgba(0, 0, 0, 0)\" class=\"has-inline-color has-kb-palette-1-color\"><strong>9h00 :<\/strong><\/mark><strong> Grand parcours :<\/strong> 50km \u00e0 rythme plus soutenu.<br>&#8211; <mark style=\"background-color:rgba(0, 0, 0, 0)\" class=\"has-inline-color has-kb-palette-1-color\"><strong>9h30 :<\/strong><\/mark><strong> Petit parcours :<\/strong> 28km \u00e0 rythme doux, accessible \u00e0 tous !<br><br>Retour pr\u00e9vu au m\u00eame endroit vers 13h00 pour le d\u00e9jeuner (restauration possible sur place).<br><br><mark style=\"background-color:rgba(0, 0, 0, 0)\" class=\"has-inline-color has-kb-palette-1-color\"><strong>9h30 :<\/strong> <\/mark>Ouverture de l&rsquo;exposition de cycles anciens \u00e0 la salle omnisports. Entr\u00e9e gratuite et visites guid\u00e9es !<br><br><mark style=\"background-color:rgba(0, 0, 0, 0)\" class=\"has-inline-color has-kb-palette-1-color\"><strong>14h00 &#8211; 17h00 : <\/strong><\/mark>Diverses animations gratuites pour le public ; anim\u00e9es par les membres de l&rsquo;Association :<br>&#8211; D\u00e9monstrations de grand-bi<br>&#8211; Pr\u00e9sentation de l&rsquo;\u00e9volution de l&rsquo;\u00e9clairage dans l&rsquo;histoire du cycle<br>&#8211; Initiation \u00e0 la m\u00e9canique d&rsquo;un v\u00e9lo<br><br><strong><mark style=\"background-color:rgba(0, 0, 0, 0)\" class=\"has-inline-color has-kb-palette-1-color\">17h00 &#8211; 18h30 : <\/mark><\/strong>Assembl\u00e9e G\u00e9n\u00e9rale de l&rsquo;Association (r\u00e9serv\u00e9e aux membres) au Chalet.<br><br><strong><mark style=\"background-color:rgba(0, 0, 0, 0)\" class=\"has-inline-color has-kb-palette-1-color\">18h40 &#8211; 19h20 :<\/mark><\/strong> Conf\u00e9rence sur l&rsquo;histoire des Cycles LABOR anim\u00e9e par Pierre Bigard (r\u00e9serv\u00e9e aux membres)<br><br><strong><mark style=\"background-color:rgba(0, 0, 0, 0)\" class=\"has-inline-color has-kb-palette-1-color\">19h30 :<\/mark><\/strong> Fermeture de l&rsquo;Exposition.<br><br><strong><mark style=\"background-color:rgba(0, 0, 0, 0)\" class=\"has-inline-color has-kb-palette-1-color\">19h45 :<\/mark><\/strong> D\u00eener \u00e0 la salle des f\u00eates (sur r\u00e9servation)<\/p>\n\n\n\n<p class=\"has-text-align-center\"><mark style=\"background-color:rgba(0, 0, 0, 0)\" class=\"has-inline-color has-kb-palette-1-color\"><\/mark><\/p>\n\n\n<style>.wp-block-kadence-spacer.kt-block-spacer-102_29086d-94 .kt-block-spacer{height:100px;}.wp-block-kadence-spacer.kt-block-spacer-102_29086d-94 .kt-divider{border-top-width:2px;border-top-color:#f58612;width:30%;border-top-style:solid;}<\/style>\n<div class=\"wp-block-kadence-spacer aligncenter kt-block-spacer-102_29086d-94\"><div class=\"kt-block-spacer kt-block-spacer-halign-center\"><hr class=\"kt-divider\"\/><\/div><\/div>\n\n\n\n<p class=\"has-text-align-center\"><strong> \u2022&nbsp;Dimanche 5 mai :<\/strong> <br><strong><br><mark style=\"background-color:rgba(0, 0, 0, 0)\" class=\"has-inline-color has-kb-palette-1-color\">6h00 \u2013 12h00<\/mark><\/strong> : Bourse v\u00e9los anciens, pi\u00e8ces, documents\u2026<br> <br><strong><mark style=\"background-color:rgba(0, 0, 0, 0)\" class=\"has-inline-color has-kb-palette-1-color\">9h30 :<\/mark><\/strong> Ouverture de l&rsquo;exposition de cycles anciens \u00e0 la salle omnisports. Entr\u00e9e gratuite et visites guid\u00e9es !<br><br><mark style=\"background-color:rgba(0, 0, 0, 0)\" class=\"has-inline-color has-kb-palette-1-color\"><strong>10h00 : <\/strong><\/mark>Concours d\u2019\u00e9l\u00e9gance suivi d\u2019une parade en ville. <br><br><strong><mark style=\"background-color:rgba(0, 0, 0, 0)\" class=\"has-inline-color has-kb-palette-1-color\">17h00 : <\/mark><\/strong>Discours de cl\u00f4ture et fermeture de l\u2019exposition.<\/p>\n\n\n\n<div style=\"height:100px\" aria-hidden=\"true\" class=\"wp-block-spacer\"><\/div>\n","protected":false},"excerpt":{"rendered":"<p>PROGRAMME VELOCIPEDIA 2024 \u2022&nbsp;Vendredi 3 mai : 15h30 &#8211; 19h30 : Exposition de cycles anciens \u00e0 la salle omnisports. Entr\u00e9e gratuite et visites guid\u00e9es ! \u2022\u00a0Samedi 4 mai : D\u00e9part des randonn\u00e9es \u00e0 v\u00e9lo ancien (avant 1980) et tenue d&rsquo;\u00e9poque. D\u00e9part devant la salle omnisports. &#8211; 9h00 : Grand parcours : 50km \u00e0 rythme plus&#8230;<\/p>\n","protected":false},"author":1,"featured_media":0,"parent":0,"menu_order":0,"comment_status":"closed","ping_status":"closed","template":"","meta":{"_kad_post_transparent":"","_kad_post_title":"","_kad_post_layout":"","_kad_post_sidebar_id":"","_kad_post_content_style":"","_kad_post_vertical_padding":"","_kad_post_feature":"","_kad_post_feature_position":"","_kad_post_header":false,"_kad_post_footer":false,"footnotes":""},"class_list":["post-102","page","type-page","status-publish","hentry"],"jetpack_sharing_enabled":true,"_links":{"self":[{"href":"https:\/\/www.velocipedia.fr\/index.php\/wp-json\/wp\/v2\/pages\/102","targetHints":{"allow":["GET"]}}],"collection":[{"href":"https:\/\/www.velocipedia.fr\/index.php\/wp-json\/wp\/v2\/pages"}],"about":[{"href":"https:\/\/www.velocipedia.fr\/index.php\/wp-json\/wp\/v2\/types\/page"}],"author":[{"embeddable":true,"href":"https:\/\/www.velocipedia.fr\/index.php\/wp-json\/wp\/v2\/users\/1"}],"replies":[{"embeddable":true,"href":"https:\/\/www.velocipedia.fr\/index.php\/wp-json\/wp\/v2\/comments?post=102"}],"version-history":[{"count":12,"href":"https:\/\/www.velocipedia.fr\/index.php\/wp-json\/wp\/v2\/pages\/102\/revisions"}],"predecessor-version":[{"id":345,"href":"https:\/\/www.velocipedia.fr\/index.php\/wp-json\/wp\/v2\/pages\/102\/revisions\/345"}],"wp:attachment":[{"href":"https:\/\/www.velocipedia.fr\/index.php\/wp-json\/wp\/v2\/media?parent=102"}],"curies":[{"name":"wp","href":"https:\/\/api.w.org\/{rel}","templated":true}]}}